{"id":476,"date":"2024-06-21T10:43:53","date_gmt":"2024-06-21T10:43:53","guid":{"rendered":"https:\/\/joehoster.com\/?post_type=product&#038;p=476"},"modified":"2024-07-02T10:28:57","modified_gmt":"2024-07-02T10:28:57","slug":"first-paradise","status":"publish","type":"product","link":"https:\/\/joehoster.com\/fr\/produit\/first-paradise\/","title":{"rendered":"First Paradise"},"content":{"rendered":"<p class=\"translation-block\">Une composition orchestrale qui transporte les auditeurs vers un royaume serein et \u00e9th\u00e9r\u00e9, \u00e9voquant probablement des images de paysages idylliques ou de cadres tranquilles gr\u00e2ce \u00e0 son orchestration luxuriante et ses m\u00e9lodies \u00e9vocatrices.<\/p>","protected":false},"excerpt":{"rendered":"<p class=\"translation-block\">Une composition orchestrale qui transporte les auditeurs vers un royaume serein et \u00e9th\u00e9r\u00e9, \u00e9voquant probablement des images de paysages idylliques ou de cadres tranquilles gr\u00e2ce \u00e0 son orchestration luxuriante et ses m\u00e9lodies \u00e9vocatrices.<\/p>","protected":false},"featured_media":477,"comment_status":"open","ping_status":"closed","template":"","meta":{"inline_featured_image":false},"product_brand":[],"product_cat":[15],"product_tag":[],"class_list":{"0":"post-476","1":"product","2":"type-product","3":"status-publish","4":"has-post-thumbnail","6":"product_cat-scores","8":"first","9":"instock","10":"downloadable","11":"virtual","12":"purchasable","13":"product-type-simple"},"_links":{"self":[{"href":"https:\/\/joehoster.com\/fr\/wp-json\/wp\/v2\/product\/476","targetHints":{"allow":["GET"]}}],"collection":[{"href":"https:\/\/joehoster.com\/fr\/wp-json\/wp\/v2\/product"}],"about":[{"href":"https:\/\/joehoster.com\/fr\/wp-json\/wp\/v2\/types\/product"}],"replies":[{"embeddable":true,"href":"https:\/\/joehoster.com\/fr\/wp-json\/wp\/v2\/comments?post=476"}],"version-history":[{"count":3,"href":"https:\/\/joehoster.com\/fr\/wp-json\/wp\/v2\/product\/476\/revisions"}],"predecessor-version":[{"id":592,"href":"https:\/\/joehoster.com\/fr\/wp-json\/wp\/v2\/product\/476\/revisions\/592"}],"wp:featuredmedia":[{"embeddable":true,"href":"https:\/\/joehoster.com\/fr\/wp-json\/wp\/v2\/media\/477"}],"wp:attachment":[{"href":"https:\/\/joehoster.com\/fr\/wp-json\/wp\/v2\/media?parent=476"}],"wp:term":[{"taxonomy":"product_brand","embeddable":true,"href":"https:\/\/joehoster.com\/fr\/wp-json\/wp\/v2\/product_brand?post=476"},{"taxonomy":"product_cat","embeddable":true,"href":"https:\/\/joehoster.com\/fr\/wp-json\/wp\/v2\/product_cat?post=476"},{"taxonomy":"product_tag","embeddable":true,"href":"https:\/\/joehoster.com\/fr\/wp-json\/wp\/v2\/product_tag?post=476"}],"curies":[{"name":"wp","href":"https:\/\/api.w.org\/{rel}","templated":true}]}}