{"id":353,"date":"2024-06-06T06:43:14","date_gmt":"2024-06-06T06:43:14","guid":{"rendered":"https:\/\/joehoster.com\/?post_type=product&#038;p=353"},"modified":"2024-07-02T10:32:02","modified_gmt":"2024-07-02T10:32:02","slug":"imperissable","status":"publish","type":"product","link":"https:\/\/joehoster.com\/fr\/produit\/imperissable\/","title":{"rendered":"Imp\u00e9rissable"},"content":{"rendered":"<p class=\"translation-block\">Une composition avec des motifs rythmiques au piano et des \u00e9l\u00e9ments de parole parl\u00e9e, transmettant des messages poignants \u00e0 travers la fusion de la musique et de la parole.<\/p>","protected":false},"excerpt":{"rendered":"<p class=\"translation-block\">Une composition avec des motifs rythmiques au piano et des \u00e9l\u00e9ments de parole parl\u00e9e, transmettant des messages poignants \u00e0 travers la fusion de la musique et de la parole.<\/p>","protected":false},"featured_media":460,"comment_status":"open","ping_status":"closed","template":"","meta":{"inline_featured_image":false},"product_brand":[],"product_cat":[15],"product_tag":[],"class_list":{"0":"post-353","1":"product","2":"type-product","3":"status-publish","4":"has-post-thumbnail","6":"product_cat-scores","8":"first","9":"instock","10":"downloadable","11":"virtual","12":"purchasable","13":"product-type-simple"},"_links":{"self":[{"href":"https:\/\/joehoster.com\/fr\/wp-json\/wp\/v2\/product\/353","targetHints":{"allow":["GET"]}}],"collection":[{"href":"https:\/\/joehoster.com\/fr\/wp-json\/wp\/v2\/product"}],"about":[{"href":"https:\/\/joehoster.com\/fr\/wp-json\/wp\/v2\/types\/product"}],"replies":[{"embeddable":true,"href":"https:\/\/joehoster.com\/fr\/wp-json\/wp\/v2\/comments?post=353"}],"version-history":[{"count":2,"href":"https:\/\/joehoster.com\/fr\/wp-json\/wp\/v2\/product\/353\/revisions"}],"predecessor-version":[{"id":551,"href":"https:\/\/joehoster.com\/fr\/wp-json\/wp\/v2\/product\/353\/revisions\/551"}],"wp:featuredmedia":[{"embeddable":true,"href":"https:\/\/joehoster.com\/fr\/wp-json\/wp\/v2\/media\/460"}],"wp:attachment":[{"href":"https:\/\/joehoster.com\/fr\/wp-json\/wp\/v2\/media?parent=353"}],"wp:term":[{"taxonomy":"product_brand","embeddable":true,"href":"https:\/\/joehoster.com\/fr\/wp-json\/wp\/v2\/product_brand?post=353"},{"taxonomy":"product_cat","embeddable":true,"href":"https:\/\/joehoster.com\/fr\/wp-json\/wp\/v2\/product_cat?post=353"},{"taxonomy":"product_tag","embeddable":true,"href":"https:\/\/joehoster.com\/fr\/wp-json\/wp\/v2\/product_tag?post=353"}],"curies":[{"name":"wp","href":"https:\/\/api.w.org\/{rel}","templated":true}]}}