{"id":350,"date":"2024-06-06T06:41:56","date_gmt":"2024-06-06T06:41:56","guid":{"rendered":"https:\/\/joehoster.com\/?post_type=product&#038;p=350"},"modified":"2024-07-02T10:35:05","modified_gmt":"2024-07-02T10:35:05","slug":"las-claves","status":"publish","type":"product","link":"https:\/\/joehoster.com\/fr\/produit\/las-claves\/","title":{"rendered":"Las claves"},"content":{"rendered":"<p class=\"translation-block\">Une pi\u00e8ce caract\u00e9ris\u00e9e par des textures de piano complexes et des sons atmosph\u00e9riques, cr\u00e9ant des paysages sonores immersifs ou explorant des th\u00e8mes introspectifs.<\/p>","protected":false},"excerpt":{"rendered":"<p class=\"translation-block\">Une pi\u00e8ce caract\u00e9ris\u00e9e par des textures de piano complexes et des sons atmosph\u00e9riques, cr\u00e9ant des paysages sonores immersifs ou explorant des th\u00e8mes introspectifs.<\/p>","protected":false},"featured_media":464,"comment_status":"open","ping_status":"closed","template":"","meta":{"inline_featured_image":false},"product_brand":[],"product_cat":[15],"product_tag":[],"class_list":{"0":"post-350","1":"product","2":"type-product","3":"status-publish","4":"has-post-thumbnail","6":"product_cat-scores","8":"first","9":"instock","10":"downloadable","11":"virtual","12":"purchasable","13":"product-type-simple"},"_links":{"self":[{"href":"https:\/\/joehoster.com\/fr\/wp-json\/wp\/v2\/product\/350","targetHints":{"allow":["GET"]}}],"collection":[{"href":"https:\/\/joehoster.com\/fr\/wp-json\/wp\/v2\/product"}],"about":[{"href":"https:\/\/joehoster.com\/fr\/wp-json\/wp\/v2\/types\/product"}],"replies":[{"embeddable":true,"href":"https:\/\/joehoster.com\/fr\/wp-json\/wp\/v2\/comments?post=350"}],"version-history":[{"count":3,"href":"https:\/\/joehoster.com\/fr\/wp-json\/wp\/v2\/product\/350\/revisions"}],"predecessor-version":[{"id":550,"href":"https:\/\/joehoster.com\/fr\/wp-json\/wp\/v2\/product\/350\/revisions\/550"}],"wp:featuredmedia":[{"embeddable":true,"href":"https:\/\/joehoster.com\/fr\/wp-json\/wp\/v2\/media\/464"}],"wp:attachment":[{"href":"https:\/\/joehoster.com\/fr\/wp-json\/wp\/v2\/media?parent=350"}],"wp:term":[{"taxonomy":"product_brand","embeddable":true,"href":"https:\/\/joehoster.com\/fr\/wp-json\/wp\/v2\/product_brand?post=350"},{"taxonomy":"product_cat","embeddable":true,"href":"https:\/\/joehoster.com\/fr\/wp-json\/wp\/v2\/product_cat?post=350"},{"taxonomy":"product_tag","embeddable":true,"href":"https:\/\/joehoster.com\/fr\/wp-json\/wp\/v2\/product_tag?post=350"}],"curies":[{"name":"wp","href":"https:\/\/api.w.org\/{rel}","templated":true}]}}