{"id":348,"date":"2024-06-06T06:40:29","date_gmt":"2024-06-06T06:40:29","guid":{"rendered":"https:\/\/joehoster.com\/?post_type=product&#038;p=348"},"modified":"2026-04-24T20:12:01","modified_gmt":"2026-04-24T20:12:01","slug":"lautre","status":"publish","type":"product","link":"https:\/\/joehoster.com\/fr\/produit\/lautre\/","title":{"rendered":"L\u2019autre \u2013 Powerful Piano Arrangement Score"},"content":{"rendered":"<p><span style=\"font-weight: 400;\">A powerful composition conveying themes of conflict and transformation. Get the authentic cinematic piano scores download for this dramatic piece.<\/span><\/p>","protected":false},"excerpt":{"rendered":"<p><span style=\"font-weight: 400;\">A powerful composition conveying themes of conflict and transformation. Get the authentic cinematic piano scores download for this dramatic piece.<\/span><\/p>","protected":false},"featured_media":469,"comment_status":"open","ping_status":"closed","template":"","meta":{"inline_featured_image":false},"product_brand":[],"product_cat":[15],"product_tag":[],"class_list":{"0":"post-348","1":"product","2":"type-product","3":"status-publish","4":"has-post-thumbnail","6":"product_cat-scores","8":"first","9":"instock","10":"downloadable","11":"virtual","12":"purchasable","13":"product-type-simple"},"yoast_head":"<!-- This site is optimized with the Yoast SEO plugin v27.4 - https:\/\/yoast.com\/product\/yoast-seo-wordpress\/ -->\n<title>L\u2019autre - Powerful Cinematic Piano Score | Joe Hoster<\/title>\n<meta name=\"description\" content=\"Buy authentic piano sheet music for L\u2019autre. Featuring dramatic instrumentation and dynamic contrasts for film scoring.\" \/>\n<meta name=\"robots\" content=\"index, follow, max-snippet:-1, max-image-preview:large, max-video-preview:-1\" \/>\n<link rel=\"canonical\" href=\"https:\/\/joehoster.com\/fr\/produit\/lautre\/\" \/>\n<meta property=\"og:locale\" content=\"fr_FR\" \/>\n<meta property=\"og:type\" content=\"article\" \/>\n<meta property=\"og:title\" content=\"L\u2019autre - Powerful Cinematic Piano Score | Joe Hoster\" \/>\n<meta property=\"og:description\" content=\"Buy authentic piano sheet music for L\u2019autre. Featuring dramatic instrumentation and dynamic contrasts for film scoring.\" \/>\n<meta property=\"og:url\" content=\"https:\/\/joehoster.com\/fr\/produit\/lautre\/\" \/>\n<meta property=\"og:site_name\" content=\"joehoster.com\" \/>\n<meta property=\"article:modified_time\" content=\"2026-04-24T20:12:01+00:00\" \/>\n<meta property=\"og:image\" content=\"https:\/\/joehoster.com\/wp-content\/uploads\/2024\/06\/Lautre.jpg\" \/>\n\t<meta property=\"og:image:width\" content=\"1240\" \/>\n\t<meta property=\"og:image:height\" content=\"1755\" \/>\n\t<meta property=\"og:image:type\" content=\"image\/jpeg\" \/>\n<meta name=\"twitter:card\" content=\"summary_large_image\" \/>\n<meta name=\"twitter:label1\" content=\"Dur\u00e9e de lecture estim\u00e9e\" \/>\n\t<meta name=\"twitter:data1\" content=\"2 minutes\" \/>\n<script type=\"application\/ld+json\" class=\"yoast-schema-graph\">{\"@context\":\"https:\\\/\\\/schema.org\",\"@graph\":[{\"@type\":\"WebPage\",\"@id\":\"https:\\\/\\\/joehoster.com\\\/product\\\/lautre\\\/\",\"url\":\"https:\\\/\\\/joehoster.com\\\/product\\\/lautre\\\/\",\"name\":\"L\u2019autre - Powerful Cinematic Piano Score | Joe Hoster\",\"isPartOf\":{\"@id\":\"https:\\\/\\\/joehoster.com\\\/#website\"},\"primaryImageOfPage\":{\"@id\":\"https:\\\/\\\/joehoster.com\\\/product\\\/lautre\\\/#primaryimage\"},\"image\":{\"@id\":\"https:\\\/\\\/joehoster.com\\\/product\\\/lautre\\\/#primaryimage\"},\"thumbnailUrl\":\"https:\\\/\\\/joehoster.com\\\/wp-content\\\/uploads\\\/2024\\\/06\\\/Lautre.jpg\",\"datePublished\":\"2024-06-06T06:40:29+00:00\",\"dateModified\":\"2026-04-24T20:12:01+00:00\",\"description\":\"Buy authentic piano sheet music for L\u2019autre. Featuring dramatic instrumentation and dynamic contrasts for film scoring.\",\"breadcrumb\":{\"@id\":\"https:\\\/\\\/joehoster.com\\\/product\\\/lautre\\\/#breadcrumb\"},\"inLanguage\":\"fr-FR\",\"potentialAction\":[{\"@type\":\"ReadAction\",\"target\":[\"https:\\\/\\\/joehoster.com\\\/product\\\/lautre\\\/\"]}]},{\"@type\":\"ImageObject\",\"inLanguage\":\"fr-FR\",\"@id\":\"https:\\\/\\\/joehoster.com\\\/product\\\/lautre\\\/#primaryimage\",\"url\":\"https:\\\/\\\/joehoster.com\\\/wp-content\\\/uploads\\\/2024\\\/06\\\/Lautre.jpg\",\"contentUrl\":\"https:\\\/\\\/joehoster.com\\\/wp-content\\\/uploads\\\/2024\\\/06\\\/Lautre.jpg\",\"width\":1240,\"height\":1755},{\"@type\":\"BreadcrumbList\",\"@id\":\"https:\\\/\\\/joehoster.com\\\/product\\\/lautre\\\/#breadcrumb\",\"itemListElement\":[{\"@type\":\"ListItem\",\"position\":1,\"name\":\"Home\",\"item\":\"https:\\\/\\\/joehoster.com\\\/\"},{\"@type\":\"ListItem\",\"position\":2,\"name\":\"Shop\",\"item\":\"https:\\\/\\\/joehoster.com\\\/shop\\\/\"},{\"@type\":\"ListItem\",\"position\":3,\"name\":\"L\u2019autre \u2013 Powerful Piano Arrangement Score\"}]},{\"@type\":\"WebSite\",\"@id\":\"https:\\\/\\\/joehoster.com\\\/#website\",\"url\":\"https:\\\/\\\/joehoster.com\\\/\",\"name\":\"joehoster.com\",\"description\":\"Crafting emotions through pure piano\",\"potentialAction\":[{\"@type\":\"SearchAction\",\"target\":{\"@type\":\"EntryPoint\",\"urlTemplate\":\"https:\\\/\\\/joehoster.com\\\/?s={search_term_string}\"},\"query-input\":{\"@type\":\"PropertyValueSpecification\",\"valueRequired\":true,\"valueName\":\"search_term_string\"}}],\"inLanguage\":\"fr-FR\"}]}<\/script>\n<!-- \/ Yoast SEO plugin. -->","yoast_head_json":{"title":"L\u2019autre - Powerful Cinematic Piano Score | Joe Hoster","description":"Buy authentic piano sheet music for L\u2019autre. Featuring dramatic instrumentation and dynamic contrasts for film scoring.","robots":{"index":"index","follow":"follow","max-snippet":"max-snippet:-1","max-image-preview":"max-image-preview:large","max-video-preview":"max-video-preview:-1"},"canonical":"https:\/\/joehoster.com\/fr\/produit\/lautre\/","og_locale":"fr_FR","og_type":"article","og_title":"L\u2019autre - Powerful Cinematic Piano Score | Joe Hoster","og_description":"Buy authentic piano sheet music for L\u2019autre. Featuring dramatic instrumentation and dynamic contrasts for film scoring.","og_url":"https:\/\/joehoster.com\/fr\/produit\/lautre\/","og_site_name":"joehoster.com","article_modified_time":"2026-04-24T20:12:01+00:00","og_image":[{"width":1240,"height":1755,"url":"https:\/\/joehoster.com\/wp-content\/uploads\/2024\/06\/Lautre.jpg","type":"image\/jpeg"}],"twitter_card":"summary_large_image","twitter_misc":{"Dur\u00e9e de lecture estim\u00e9e":"2 minutes"},"schema":{"@context":"https:\/\/schema.org","@graph":[{"@type":"WebPage","@id":"https:\/\/joehoster.com\/product\/lautre\/","url":"https:\/\/joehoster.com\/product\/lautre\/","name":"L\u2019autre - Powerful Cinematic Piano Score | Joe Hoster","isPartOf":{"@id":"https:\/\/joehoster.com\/#website"},"primaryImageOfPage":{"@id":"https:\/\/joehoster.com\/product\/lautre\/#primaryimage"},"image":{"@id":"https:\/\/joehoster.com\/product\/lautre\/#primaryimage"},"thumbnailUrl":"https:\/\/joehoster.com\/wp-content\/uploads\/2024\/06\/Lautre.jpg","datePublished":"2024-06-06T06:40:29+00:00","dateModified":"2026-04-24T20:12:01+00:00","description":"Buy authentic piano sheet music for L\u2019autre. Featuring dramatic instrumentation and dynamic contrasts for film scoring.","breadcrumb":{"@id":"https:\/\/joehoster.com\/product\/lautre\/#breadcrumb"},"inLanguage":"fr-FR","potentialAction":[{"@type":"ReadAction","target":["https:\/\/joehoster.com\/product\/lautre\/"]}]},{"@type":"ImageObject","inLanguage":"fr-FR","@id":"https:\/\/joehoster.com\/product\/lautre\/#primaryimage","url":"https:\/\/joehoster.com\/wp-content\/uploads\/2024\/06\/Lautre.jpg","contentUrl":"https:\/\/joehoster.com\/wp-content\/uploads\/2024\/06\/Lautre.jpg","width":1240,"height":1755},{"@type":"BreadcrumbList","@id":"https:\/\/joehoster.com\/product\/lautre\/#breadcrumb","itemListElement":[{"@type":"ListItem","position":1,"name":"Home","item":"https:\/\/joehoster.com\/"},{"@type":"ListItem","position":2,"name":"Shop","item":"https:\/\/joehoster.com\/shop\/"},{"@type":"ListItem","position":3,"name":"L\u2019autre \u2013 Powerful Piano Arrangement Score"}]},{"@type":"WebSite","@id":"https:\/\/joehoster.com\/#website","url":"https:\/\/joehoster.com\/","name":"joehoster.com","description":"Cr\u00e9ateur d&#039;\u00e9motions \u00e0 travers le piano","potentialAction":[{"@type":"SearchAction","target":{"@type":"EntryPoint","urlTemplate":"https:\/\/joehoster.com\/?s={search_term_string}"},"query-input":{"@type":"PropertyValueSpecification","valueRequired":true,"valueName":"search_term_string"}}],"inLanguage":"fr-FR"}]}},"_links":{"self":[{"href":"https:\/\/joehoster.com\/fr\/wp-json\/wp\/v2\/product\/348","targetHints":{"allow":["GET"]}}],"collection":[{"href":"https:\/\/joehoster.com\/fr\/wp-json\/wp\/v2\/product"}],"about":[{"href":"https:\/\/joehoster.com\/fr\/wp-json\/wp\/v2\/types\/product"}],"replies":[{"embeddable":true,"href":"https:\/\/joehoster.com\/fr\/wp-json\/wp\/v2\/comments?post=348"}],"version-history":[{"count":6,"href":"https:\/\/joehoster.com\/fr\/wp-json\/wp\/v2\/product\/348\/revisions"}],"predecessor-version":[{"id":905,"href":"https:\/\/joehoster.com\/fr\/wp-json\/wp\/v2\/product\/348\/revisions\/905"}],"wp:featuredmedia":[{"embeddable":true,"href":"https:\/\/joehoster.com\/fr\/wp-json\/wp\/v2\/media\/469"}],"wp:attachment":[{"href":"https:\/\/joehoster.com\/fr\/wp-json\/wp\/v2\/media?parent=348"}],"wp:term":[{"taxonomy":"product_brand","embeddable":true,"href":"https:\/\/joehoster.com\/fr\/wp-json\/wp\/v2\/product_brand?post=348"},{"taxonomy":"product_cat","embeddable":true,"href":"https:\/\/joehoster.com\/fr\/wp-json\/wp\/v2\/product_cat?post=348"},{"taxonomy":"product_tag","embeddable":true,"href":"https:\/\/joehoster.com\/fr\/wp-json\/wp\/v2\/product_tag?post=348"}],"curies":[{"name":"wp","href":"https:\/\/api.w.org\/{rel}","templated":true}]}}