{"id":347,"date":"2024-06-06T06:39:39","date_gmt":"2024-06-06T06:39:39","guid":{"rendered":"https:\/\/joehoster.com\/?post_type=product&#038;p=347"},"modified":"2024-07-02T10:39:18","modified_gmt":"2024-07-02T10:39:18","slug":"mio","status":"publish","type":"product","link":"https:\/\/joehoster.com\/fr\/produit\/mio\/","title":{"rendered":"Mio"},"content":{"rendered":"<p class=\"translation-block\">Une pi\u00e8ce \u00e9motive au piano caract\u00e9ris\u00e9e par des m\u00e9lodies tendres, explorant probablement des th\u00e8mes d'amour, de d\u00e9sir et de romance.<\/p>","protected":false},"excerpt":{"rendered":"<p class=\"translation-block\">Une pi\u00e8ce \u00e9motive au piano caract\u00e9ris\u00e9e par des m\u00e9lodies tendres, explorant probablement des th\u00e8mes d'amour, de d\u00e9sir et de romance.<\/p>","protected":false},"featured_media":479,"comment_status":"open","ping_status":"closed","template":"","meta":{"inline_featured_image":false},"product_brand":[],"product_cat":[15],"product_tag":[],"class_list":{"0":"post-347","1":"product","2":"type-product","3":"status-publish","4":"has-post-thumbnail","6":"product_cat-scores","8":"first","9":"instock","10":"downloadable","11":"virtual","12":"purchasable","13":"product-type-simple"},"_links":{"self":[{"href":"https:\/\/joehoster.com\/fr\/wp-json\/wp\/v2\/product\/347","targetHints":{"allow":["GET"]}}],"collection":[{"href":"https:\/\/joehoster.com\/fr\/wp-json\/wp\/v2\/product"}],"about":[{"href":"https:\/\/joehoster.com\/fr\/wp-json\/wp\/v2\/types\/product"}],"replies":[{"embeddable":true,"href":"https:\/\/joehoster.com\/fr\/wp-json\/wp\/v2\/comments?post=347"}],"version-history":[{"count":2,"href":"https:\/\/joehoster.com\/fr\/wp-json\/wp\/v2\/product\/347\/revisions"}],"predecessor-version":[{"id":545,"href":"https:\/\/joehoster.com\/fr\/wp-json\/wp\/v2\/product\/347\/revisions\/545"}],"wp:featuredmedia":[{"embeddable":true,"href":"https:\/\/joehoster.com\/fr\/wp-json\/wp\/v2\/media\/479"}],"wp:attachment":[{"href":"https:\/\/joehoster.com\/fr\/wp-json\/wp\/v2\/media?parent=347"}],"wp:term":[{"taxonomy":"product_brand","embeddable":true,"href":"https:\/\/joehoster.com\/fr\/wp-json\/wp\/v2\/product_brand?post=347"},{"taxonomy":"product_cat","embeddable":true,"href":"https:\/\/joehoster.com\/fr\/wp-json\/wp\/v2\/product_cat?post=347"},{"taxonomy":"product_tag","embeddable":true,"href":"https:\/\/joehoster.com\/fr\/wp-json\/wp\/v2\/product_tag?post=347"}],"curies":[{"name":"wp","href":"https:\/\/api.w.org\/{rel}","templated":true}]}}